{"id":17,"date":"2023-02-09T12:07:53","date_gmt":"2023-02-09T11:07:53","guid":{"rendered":"http:\/\/kachelofenstudio.de\/?page_id=17"},"modified":"2023-02-09T12:07:53","modified_gmt":"2023-02-09T11:07:53","slug":"widerrufsbelehrung-rueckgabebelehrung-gemaess-%c2%a7-355-abs-2-bgb","status":"publish","type":"page","link":"https:\/\/www.kachelofenstudio.de\/?page_id=17","title":{"rendered":"<strong>Widerrufsbelehrung \/ R\u00fcckgabebelehrung gem\u00e4\u00df \u00a7 355 Abs. 2 BGB<\/strong>"},"content":{"rendered":"\n\n\n<p>Das nachfolgende Widerrufsrecht besteht nicht, wenn die von Ihnen georderte Ware f\u00fcr Ihre eigene gewerbliche oder selbst\u00e4ndige berufliche T\u00e4tigkeit verwendet werden soll.<\/p>\n\n\n\n<p><strong>Widerrufsrecht<\/strong><\/p>\n\n\n\n<p><strong>Sie k\u00f6nnen Ihre Vertragserkl\u00e4rung ohne Angabe von Gr\u00fcnden in Textform (z.B. Brief, Fax, E-Mail) oder durch R\u00fccksendung der Sache widerrufen. Die Widerrufsfrist betr\u00e4gt 14 Tage; bei Verk\u00e4ufen \u00fcber die eBay-Plattform einen Monat. Die Frist beginnt fr\u00fchestens mit Erhalt dieser Belehrung,<\/strong><strong>&nbsp;im Falle einer Warenlieferung jedoch nicht vor dem Tag des Eingangs der Ware beim Empf\u00e4nger<\/strong><strong>. Zur Wahrung der Widerrufsfrist gen\u00fcgt die rechtzeitige Absendung des Widerrufs oder der Sache. Der Widerruf ist zu richten an:<\/strong><\/p>\n\n\n\n<div class=\"wp-block-columns is-layout-flex wp-container-core-columns-is-layout-1 wp-block-columns-is-layout-flex\">\n<div class=\"wp-block-column is-layout-flow wp-block-column-is-layout-flow\" style=\"flex-basis:33.33%\">\n<p>Kachelofenstudio B\u00f6hm<br>Inhaber Mike Massag<br>Sandfeld 6, 94368 Perkam<\/p>\n<\/div>\n\n\n\n<div class=\"wp-block-column is-layout-flow wp-block-column-is-layout-flow\" style=\"padding-top:0;padding-right:0;padding-bottom:0;padding-left:0;flex-basis:66.66%\">\n<p>Tel: 09429\/9482125<br>Fax: 09429\/948216<br>E-Mail: mike.massag@t-online.de<\/p>\n<\/div>\n<\/div>\n\n\n\n<p><strong>Widerrufsfolgen<\/strong><\/p>\n\n\n\n<p><strong>Im Falle eines wirksamen Widerrufs sind die beiderseits empfangenen Leistungen zur\u00fcckzugew\u00e4hren und gegebenenfalls gezogene Nutzungen herauszugeben. K\u00f6nnen Sie uns die empfangene Leistung ganz oder teilweise nicht oder nur in verschlechtertem Zustand zur\u00fcckgew\u00e4hren, m\u00fcssen Sie uns insoweit gegebenenfalls Wertersatz leisten. Bei der \u00dcberlassung von Sachen gilt dies nicht, wenn die Verschlechterung der Sache ausschlie\u00dflich auf deren Pr\u00fcfung &#8211; wie Sie Ihnen etwa im Ladengesch\u00e4ft m\u00f6glich gewesen w\u00e4re &#8211; zur\u00fcckzuf\u00fchren ist. Im \u00dcbrigen k\u00f6nnen Sie die Wertersatzpflicht vermeiden, indem Sie die Sache nicht wie Ihr Eigentum in Gebrauch nehmen und alles unterlassen, was deren Wert beeintr\u00e4chtigt. Paketversandf\u00e4hige Sachen sind zur\u00fcckzusenden. Sie haben die Kosten der R\u00fccksendung zu tragen, wenn die gelieferte Ware der bestellten entspricht und wenn der Preis der zur\u00fcckzusendenden Sache einen Betrag von EUR 40 nicht \u00fcbersteigt oder wenn Sie bei einem h\u00f6heren Preis der Sache zum Zeitpunkt des Widerrufs noch nicht die Gegenleistung oder eine vertraglich vereinbarte Teilzahlung erbracht haben. Anderenfalls ist die R\u00fccksendung f\u00fcr Sie kostenfrei. Nicht paketversandf\u00e4hige Sachen werden bei Ihnen abgeholt. Verpflichtungen zur Erstattung von Zahlungen m\u00fcssen Sie innerhalb von 30 Tagen nach Absendung Ihrer Widerrufserkl\u00e4rung erf\u00fcllen.<\/strong><\/p>\n\n\n\n<p><strong>Ausnahmen<\/strong><\/p>\n\n\n\n<p><strong>Soweit nicht ein anderes bestimmt ist, besteht das Widerrufsrecht nicht bei Vertr\u00e4gen<\/strong><\/p>\n\n\n\n<p><strong>1. zur Lieferung von Waren, die nach Kundenspezifikation angefertigt werden oder eindeutig auf die pers\u00f6nlichen Bed\u00fcrfnisse zugeschnitten sind oder die auf Grund ihrer Beschaffenheit nicht f\u00fcr eine R\u00fccksendung geeignet sind oder schnell verderben k\u00f6nnen oder deren Verfalldatum \u00fcberschritten w\u00fcrde,<\/strong><\/p>\n\n\n\n<p><strong>Impressum<\/strong><\/p>\n\n\n\n<p><br><strong>Kachelofenstudio B\u00f6hm<\/strong><br><strong>Inh.Mike Massag<\/strong><br><strong>Sandfeld 6<\/strong><br><strong>94368 Perkam<\/strong><br><strong>USt-IdNR.:DE133269845<\/strong><br><strong>Tel.:09429\/948215<\/strong><br><strong>Fax.:09429\/948216<\/strong><br><strong>E-Mail:mike.massag@t-online.de<\/strong><\/p>\n","protected":false},"excerpt":{"rendered":"<p>Das nachfolgende Widerrufsrecht besteht nicht, wenn die von Ihnen georderte Ware f\u00fcr Ihre eigene gewerbliche oder selbst\u00e4ndige berufliche T\u00e4tigkeit verwendet werden soll. Widerrufsrecht Sie k\u00f6nnen Ihre Vertragserkl\u00e4rung ohne Angabe von Gr\u00fcnden in Textform (z.B. Brief, Fax, E-Mail) oder durch R\u00fccksendung der Sache widerrufen. Die Widerrufsfrist betr\u00e4gt 14 Tage; bei Verk\u00e4ufen \u00fcber die eBay-Plattform einen Monat. [&hellip;]<\/p>\n","protected":false},"author":1,"featured_media":0,"parent":0,"menu_order":0,"comment_status":"closed","ping_status":"closed","template":"","meta":{"footnotes":""},"class_list":["post-17","page","type-page","status-publish","hentry"],"_links":{"self":[{"href":"https:\/\/www.kachelofenstudio.de\/index.php?rest_route=\/wp\/v2\/pages\/17","targetHints":{"allow":["GET"]}}],"collection":[{"href":"https:\/\/www.kachelofenstudio.de\/index.php?rest_route=\/wp\/v2\/pages"}],"about":[{"href":"https:\/\/www.kachelofenstudio.de\/index.php?rest_route=\/wp\/v2\/types\/page"}],"author":[{"embeddable":true,"href":"https:\/\/www.kachelofenstudio.de\/index.php?rest_route=\/wp\/v2\/users\/1"}],"replies":[{"embeddable":true,"href":"https:\/\/www.kachelofenstudio.de\/index.php?rest_route=%2Fwp%2Fv2%2Fcomments&post=17"}],"version-history":[{"count":6,"href":"https:\/\/www.kachelofenstudio.de\/index.php?rest_route=\/wp\/v2\/pages\/17\/revisions"}],"predecessor-version":[{"id":27,"href":"https:\/\/www.kachelofenstudio.de\/index.php?rest_route=\/wp\/v2\/pages\/17\/revisions\/27"}],"wp:attachment":[{"href":"https:\/\/www.kachelofenstudio.de\/index.php?rest_route=%2Fwp%2Fv2%2Fmedia&parent=17"}],"curies":[{"name":"wp","href":"https:\/\/api.w.org\/{rel}","templated":true}]}}