{"id":15,"date":"2023-02-09T12:08:02","date_gmt":"2023-02-09T11:08:02","guid":{"rendered":"http:\/\/kachelofenstudio.de\/?page_id=15"},"modified":"2023-02-09T12:08:02","modified_gmt":"2023-02-09T11:08:02","slug":"allgemeine-geschaeftsbedingungen","status":"publish","type":"page","link":"https:\/\/www.kachelofenstudio.de\/?page_id=15","title":{"rendered":"Allgemeine Gesch\u00e4ftsbedingungen"},"content":{"rendered":"\n<p><strong><em>kachelofenstudio.de<\/em><\/strong><\/p>\n\n\n\n<p><strong>\u00a7 1 Allgemeines, Geltungsbereich<\/strong><\/p>\n\n\n\n<p>Die Allgemeinen Gesch\u00e4ftsbedingungen regeln das Vertragsverh\u00e4ltnis zwischen der<em>&nbsp;Shop<\/em>&nbsp;kachelofenstudio.de und den nat\u00fcrlichen und juristischen Personen, die unser Internetangebot oder unseren eBay-Shop nutzen (im folgenden Kunden genannt). Die AGB betreffen die Nutzung der Website www.kachelofenstudio.de sowie alle zu dieser Domain geh\u00f6renden Subdomains sowie unsere eBay-Angebote.<\/p>\n\n\n\n<p><strong><br>\u00a7 2 Vertragsschluss<\/strong><\/p>\n\n\n\n<p>(1) Vertragsschluss in unserem Internetshop<\/p>\n\n\n\n<p>a) Die Angebote des<em>&nbsp;Shop<\/em>s&nbsp;kachelofenstudio.de&nbsp;im Internet stellen eine unverbindliche Aufforderung an den Kunden dar, im&nbsp;<em>Shop<\/em>&nbsp;kachelofenstudio.de&nbsp;Waren zu bestellen.<\/p>\n\n\n\n<p>b) Durch die Bestellung der gew\u00fcnschten Waren im Internet gibt der Kunde ein verbindliches Angebot auf Abschluss eines Kaufvertrages ab.<\/p>\n\n\n\n<p>c) Der<em>&nbsp;Shop<\/em>&nbsp;kachelofenstudio.de&nbsp;ist berechtigt, dieses Angebot innerhalb von&nbsp;<em>10 Kalendertagen<\/em>&nbsp;unter Zusendung einer Auftragsbest\u00e4tigung anzunehmen. Die Auftragsbest\u00e4tigung erfolgt durch \u00dcbermittlung einer E-Mail. Nach fruchtlosem Ablauf der&nbsp;<em>10-Tages-Frist<\/em>&nbsp;gilt das Angebot als abgelehnt.<\/p>\n\n\n\n<p>(2) Vertragsschluss bei unseren eBay-Angeboten<\/p>\n\n\n\n<p>a) Das Einstellen von Waren bei eBay in einer Online-Auktion oder zu einem Festpreis (Sofort-Kaufen-Option) gilt als verbindliches Angebot des<em>&nbsp;Shop<\/em>s kachelofenstudio.de zum Vertragsschluss \u00fcber diese Ware. Dieses Angebot kann nur innerhalb der bestimmten Frist durch ein Gebot angenommen werden. Das Angebot richtet sich an den Kunden, der w\u00e4hrend der Laufzeit der Online-Auktion das h\u00f6chste Gebot abgibt und etwaige zus\u00e4tzlich festgelegte Bedingungen im Angebot (z.B. bestimmte Bewertungskriterien) erf\u00fcllt.<\/p>\n\n\n\n<p>b) Der Kunde nimmt das Angebot durch Abgabe eines Gebots bei eBay an. Das Gebot erlischt, wenn ein anderer Kunde w\u00e4hrend der Laufzeit der Online-Auktion ein h\u00f6heres Gebot abgibt. Ma\u00dfgeblich f\u00fcr die Messung der Laufzeit der Online-Auktion ist die offizielle&nbsp;<a href=\"http:\/\/cgi3.ebay.de\/aw-cgi\/eBayISAPI.dll?TimeShow\">eBay-Zeit<\/a>.<\/p>\n\n\n\n<p>c) Mit dem Ende der bestimmten Laufzeit der Online-Auktion kommt ein Vertrag mit dem das h\u00f6chste Gebot abgebenden Kunden zustande. Im Falle eines Sofortkaufs kommt ein Vertrag \u00fcber den Erwerb der angebotenen Ware unabh\u00e4ngig vom Ablauf der Angebotszeit und ohne Durchf\u00fchrung einer Online-Auktion bereits dann zu dem in der Option bestimmten Festpreis zustande, wenn der Kunde diese Option aus\u00fcbt. Die Option kann von jedem Kunden ausge\u00fcbt werden, solange noch kein Gebot auf die Ware abgegeben wurde oder solange im Rahmen einer Powerauktion noch weitere Waren gleicher Art und G\u00fcte angeboten werden.<\/p>\n\n\n\n<p><strong>\u00a7 3 Zahlung, F\u00e4lligkeit, Zahlungsverzug<\/strong><\/p>\n\n\n\n<p>(1) Die Bezahlung der Waren erfolgt wahlweise&nbsp;<em>per Vorkasse oder per Nachnahme, durch Kreditkartenzahlung,&nbsp;<\/em><em>per Bankeinzug oder auf Rechnung<\/em>.&nbsp;Die Bezahlung per Nachnahme ist nur bei Versand innerhalb Deutschlands m\u00f6glich. Der<em>&nbsp;Shop<\/em>&nbsp;kachelofenstudio.de beh\u00e4lt sich das Recht vor, im Einzelfall bestimmte Zahlungsarten zu akzeptieren oder auszuschlie\u00dfen.<\/p>\n\n\n\n<p>(2) Bei Zahlung per Vorkasse verpflichtet sich der Kunde, den Kaufpreis nach Vertragsschluss unverz\u00fcglich zu zahlen.<\/p>\n\n\n\n<p>(3) Befindet sich der Kunde im Zahlungsverzug, hat er w\u00e4hrenddessen jede Fahrl\u00e4ssigkeit zu vertreten. Er haftet wegen der Leistung auch f\u00fcr Zufall, es sei denn, dass der Schaden auch bei rechtzeitiger Leistung eingetreten sein w\u00fcrde.<\/p>\n\n\n\n<p>(4) Der Kaufpreis ist w\u00e4hrend des Verzugs zu verzinsen. Der Verzugszinssatz betr\u00e4gt f\u00fcr das Jahr f\u00fcnf Prozentpunkte \u00fcber dem Basiszinssatz. Bei Rechtsgesch\u00e4ften, an denen ein Verbraucher nicht beteiligt ist, betr\u00e4gt der Zinssatz acht Prozentpunkte \u00fcber dem Basiszinssatz.<\/p>\n\n\n\n<p>(5) Die Geltendmachung eines weiteren Schadens ist nicht ausgeschlossen.<\/p>\n\n\n\n<p><strong>\u00a7 4 Lieferung<\/strong><\/p>\n\n\n\n<p>(1)&nbsp;Die Lieferung erfolgt durch Sendung der Ware an die vom Kunden mitgeteilte Adresse. Soweit Lieferung gegen Vorkasse vereinbart ist, betr\u00e4gt die Lieferfrist im Allgemeinen&nbsp;<em>2-3 Werktage<\/em>&nbsp;nach Erhalt des Kaufpreises(&nbsp;&nbsp;&nbsp;&nbsp;).&nbsp;Ansonsten betr\u00e4gt die Lieferfrist im Allgemeinen&nbsp;<em>2-3 Werktage<\/em>&nbsp;nach Annahme des eBay-Angebots oder Aus\u00fcbung der Sofort-Kaufen-Option&nbsp;durch den Kunden oder ab Versand der Auftragsbest\u00e4tigung. Diese Angaben sind unverbindlich, soweit nichts anderes vereinbart ist.<\/p>\n\n\n\n<p>(2) Die Lieferung erfolgt gegen die angegebenen Verpackungs- und Versandkosten. F\u00fcr Auslandslieferungen wird, soweit nichts anderes angegeben ist, der Preis f\u00fcr Verpackung und Versand gesondert nach Gewicht berechnet. Wenn der Kunde eine spezielle Art der Versendung w\u00fcnscht, bei der h\u00f6here Kosten anfallen, so hat er auch diese Mehrkosten zu tragen.<\/p>\n\n\n\n<p><strong>\u00a7 5 Eigentumsvorbehalt<\/strong><\/p>\n\n\n\n<p>Die Ware bleibt bis zur vollst\u00e4ndigen Bezahlung Eigentum des<em>&nbsp;Shops<\/em>&nbsp;kachelofenstudio.de. Vor Eigentums\u00fcbertragung ist eine Verpf\u00e4ndung, Sicherungs\u00fcbereignung, Verarbeitung oder Umgestaltung ohne ausdr\u00fcckliche Einwilligung des<em>&nbsp;Shops<\/em>&nbsp;kachelofenstudio.de nicht zul\u00e4ssig.<\/p>\n\n\n\n<p><strong>\u00a7 6 Preise<\/strong><\/p>\n\n\n\n<p>(1) Der jeweils angegebene Preis f\u00fcr unsere Waren versteht sich als Endpreis einschlie\u00dflich eventuell anfallender Mehrwertsteuer und weiterer Preisbestandteile. Der Preis umfasst nicht die Liefer- und Versandkosten.<\/p>\n\n\n\n<p>(2) Mit der Aktualisierung der Internet-Seiten von&nbsp;<em>&nbsp;Shop<\/em>&nbsp;kachelofenstudio.de&nbsp;werden alle fr\u00fcheren Preise und sonstige Angaben \u00fcber Waren ung\u00fcltig. Angegebene Preise im Rahmen von eBay-Angeboten sind davon ausgenommen.<\/p>\n\n\n\n<p>(3) Ma\u00dfgeblich f\u00fcr die Rechnungsstellung, soweit es sich nicht um ein Angebot bei eBay handelt, ist der Preis zum Zeitpunkt der Abgabe des Angebots des Kundens.<\/p>\n\n\n\n<p><strong>\u00a7 7 R\u00fccktritt<\/strong><\/p>\n\n\n\n<p>(1) Der<em>&nbsp;Shop<\/em>&nbsp;kachelofenstudio.de ist berechtigt, vom Vertrag auch hinsichtlich eines noch offenen Teils der Lieferung oder Leistung zur\u00fcckzutreten, wenn falsche Angaben \u00fcber die Kreditw\u00fcrdigkeit des Kunden gemacht worden oder objektive Gr\u00fcnde hinsichtlich der Zahlungsunf\u00e4higkeit des Kunden entstanden sind, bspw. die Er\u00f6ffnung eines Insolvenzverfahrens \u00fcber das Verm\u00f6gen des Kunden oder die Abweisung eines solchen Verfahrens mangels kostendeckenden Verm\u00f6gens. Dem Kunden wird vor R\u00fccktritt die M\u00f6glichkeit einger\u00e4umt, eine Vorauszahlung zu leisteten oder eine taugliche Sicherheit zu erbringen.<\/p>\n\n\n\n<p>(2) Unbeschadet der Schadenersatzanspr\u00fcche des&nbsp;<em>&nbsp;Shop<\/em>s kachelofenstudio.de sind im Falle des Teilr\u00fccktritts bereits erbrachte Teilleistungen vertragsgem\u00e4\u00df abzurechnen und zu bezahlen.<\/p>\n\n\n\n<p><strong>\u00a7 8 Gew\u00e4hrleistung<\/strong><\/p>\n\n\n\n<p>(1) Die Gew\u00e4hrleistungsfrist betr\u00e4gt zwei Jahre. Bei Rechtsgesch\u00e4ften, an denen ein Verbraucher nicht beteiligt ist oder beim Verkauf gebrauchter Sachen betr\u00e4gt die Gew\u00e4hrleistungsfrist ein Jahr.<\/p>\n\n\n\n<p>(2) Ist die Sache mangelhaft, hat der Kunde das Recht, als Nacherf\u00fcllung nach seiner Wahl die Beseitigung des Mangels oder die Lieferung einer mangelfreien Sache verlangen. Der<em>&nbsp;Shop<\/em>&nbsp;kachelofenstudio.de kann die vom Kunden gew\u00e4hlte Art der Nacherf\u00fcllung unbeschadet des \u00a7 275 Abs. 2 und 3 BGB verweigern, wenn sie nur mit unverh\u00e4ltnism\u00e4\u00dfigen Kosten m\u00f6glich ist. Dabei sind insbesondere der Wert der Sache in mangelfreiem Zustand, die Bedeutung des Mangels und die Frage zu ber\u00fccksichtigen, ob auf die andere Art der Nacherf\u00fcllung ohne erhebliche Nachteile f\u00fcr den Kunden zur\u00fcckgegriffen werden k\u00f6nnte. Der Anspruch des Kunden beschr\u00e4nkt sich in diesem Fall auf die andere Art der Nacherf\u00fcllung; das Recht des<em>&nbsp;Shops<\/em>&nbsp;kachelofenstudio.de, auch diese unter den Voraussetzungen des Satzes 1 zu verweigern, bleibt unber\u00fchrt.<\/p>\n\n\n\n<p>(3) Liefert der<em>&nbsp;Shop<\/em>&nbsp;kachelofenstudio.de zum Zwecke der Nacherf\u00fcllung eine mangelfreie Sache, so kann vom Kunden R\u00fcckgew\u00e4hr der mangelhaften Sache nach Ma\u00dfgabe der \u00a7\u00a7 346 bis 348 BGB verlangt werden.<\/p>\n\n\n\n<p>(4) Sch\u00e4den, die durch unsachgem\u00e4\u00dfe oder vertragswidrige Ma\u00dfnahmen des Kunden bei Aufstellung, Anschluss, Bedienung oder Lagerung hervorgerufen werden, begr\u00fcnden keinen Anspruch gegen&nbsp;<em>Shop<\/em>&nbsp;kachelofenstudio.de. Die Unsachgem\u00e4\u00dfheit und Vertragswidrigkeit bestimmt sich insbesondere nach den Angaben des Herstellers der gelieferten Waren.<\/p>\n\n\n\n<p><strong><br>\u00a7 9 Haftungsbeschr\u00e4nkung<\/strong><\/p>\n\n\n\n<p>(1) F\u00fcr andere als durch Verletzung von Leben, K\u00f6rper und Gesundheit entstehende Sch\u00e4den haftet&nbsp;<em>&nbsp;Shop<\/em>&nbsp;kachelofenstudio.de nur, soweit diese Sch\u00e4den auf vors\u00e4tzlichem oder grob fahrl\u00e4ssigem Handeln oder auf schuldhafter Verletzung einer wesentlichen Vertragspflicht durch&nbsp;<em>&nbsp;Shop<\/em>&nbsp;kachelofenstudio.de oder dessen Erf\u00fcllungsgehilfen beruhen. Eine dar\u00fcber hinausgehende Haftung auf Schadensersatz ist ausgeschlossen. Die Bestimmungen des Produkthaftungsgesetzes bleiben hiervon unber\u00fchrt.<\/p>\n\n\n\n<p>(2) Nach dem jetzigen Stand der Technik kann die Datenkommunikation \u00fcber das Internet nicht fehlerfrei und\/oder jederzeit verf\u00fcgbar gew\u00e4hrleistet werden. Der<em>&nbsp;Shop<\/em>&nbsp;kachelofenstudio.de haftet daher nicht f\u00fcr die jederzeitige Verf\u00fcgbarkeit des<em>&nbsp;Shops<\/em>&nbsp;kachelofenstudio.de.<\/p>\n\n\n\n<p><strong>\u00a7 10 Datenschutz<\/strong><\/p>\n\n\n\n<p>Alle zur Durchf\u00fchrung des Auftrags erforderlichen personenbezogenen Daten werden in maschinenlesbarer Form gespeichert und vertraulich behandelt. Die f\u00fcr die Bearbeitung eines Auftrags notwendigen Daten wie Name und Adresse werden im Rahmen der Durchf\u00fchrung der Lieferung an die mit der Lieferung der Ware beauftragen Unternehmen weitergegeben.<\/p>\n\n\n\n<p><strong><br>\u00a7 11 Gerichtsstand<\/strong><\/p>\n\n\n\n<p>Alle Streitigkeiten aus diesem Rechtsverh\u00e4ltnis unterliegen dem Recht der Bundesrepublik Deutschland. Die Geltung von UN-Kaufrecht ist ausgeschlossen.&nbsp;<a>Sind die Vertragsparteien Kaufleute, ist das Gericht an dem der<em>&nbsp;Shop<\/em><\/a>&nbsp;kachelofenstudio.de<em>&nbsp;<\/em>seinen Sitz hat, zust\u00e4ndig, sofern nicht f\u00fcr die Streitigkeit ein ausschlie\u00dflicher Gerichtsstand begr\u00fcndet ist.<\/p>\n\n\n\n<p><strong>\u00a7 12 Salvatorische Klausel<\/strong><\/p>\n\n\n\n<p>Sollte eine Bestimmung dieser AGB ung\u00fcltig oder undurchsetzbar sein oder werden, so bleiben die \u00fcbrigen Bestimmungen dieser AGB hiervon unber\u00fchrt.<\/p>\n","protected":false},"excerpt":{"rendered":"<p>kachelofenstudio.de \u00a7 1 Allgemeines, Geltungsbereich Die Allgemeinen Gesch\u00e4ftsbedingungen regeln das Vertragsverh\u00e4ltnis zwischen der&nbsp;Shop&nbsp;kachelofenstudio.de und den nat\u00fcrlichen und juristischen Personen, die unser Internetangebot oder unseren eBay-Shop nutzen (im folgenden Kunden genannt). Die AGB betreffen die Nutzung der Website www.kachelofenstudio.de sowie alle zu dieser Domain geh\u00f6renden Subdomains sowie unsere eBay-Angebote. \u00a7 2 Vertragsschluss (1) Vertragsschluss in unserem [&hellip;]<\/p>\n","protected":false},"author":1,"featured_media":0,"parent":0,"menu_order":0,"comment_status":"closed","ping_status":"closed","template":"","meta":{"footnotes":""},"class_list":["post-15","page","type-page","status-publish","hentry"],"_links":{"self":[{"href":"https:\/\/www.kachelofenstudio.de\/index.php?rest_route=\/wp\/v2\/pages\/15","targetHints":{"allow":["GET"]}}],"collection":[{"href":"https:\/\/www.kachelofenstudio.de\/index.php?rest_route=\/wp\/v2\/pages"}],"about":[{"href":"https:\/\/www.kachelofenstudio.de\/index.php?rest_route=\/wp\/v2\/types\/page"}],"author":[{"embeddable":true,"href":"https:\/\/www.kachelofenstudio.de\/index.php?rest_route=\/wp\/v2\/users\/1"}],"replies":[{"embeddable":true,"href":"https:\/\/www.kachelofenstudio.de\/index.php?rest_route=%2Fwp%2Fv2%2Fcomments&post=15"}],"version-history":[{"count":2,"href":"https:\/\/www.kachelofenstudio.de\/index.php?rest_route=\/wp\/v2\/pages\/15\/revisions"}],"predecessor-version":[{"id":60,"href":"https:\/\/www.kachelofenstudio.de\/index.php?rest_route=\/wp\/v2\/pages\/15\/revisions\/60"}],"wp:attachment":[{"href":"https:\/\/www.kachelofenstudio.de\/index.php?rest_route=%2Fwp%2Fv2%2Fmedia&parent=15"}],"curies":[{"name":"wp","href":"https:\/\/api.w.org\/{rel}","templated":true}]}}